{"id":38,"date":"2022-09-16T18:05:36","date_gmt":"2022-09-16T18:05:36","guid":{"rendered":"https:\/\/ffludens.net\/?page_id=38"},"modified":"2022-09-17T10:51:36","modified_gmt":"2022-09-17T10:51:36","slug":"impressum","status":"publish","type":"page","link":"https:\/\/ffludens.net\/?page_id=38","title":{"rendered":"Impressum"},"content":{"rendered":"\n<h4><strong>Angaben gem\u00e4\u00df \u00a7 5 TMG<\/strong><\/h4>\n\n\n\n<p class=\"has-small-font-size\">Dr. Frank Furtw\u00e4ngler <br>Zollernstr. 17 <br>78462 Konstanz<\/p>\n\n\n\n<h4>Kontakt<\/h4>\n\n\n\n<p class=\"has-small-font-size\">Telefon: +49-7531-915981 <br>Telefax: +49-7531-914156 <br>E-Mail: <a href=\"mailto:msg@ffludens.net\">msg@ffludens.net<\/a><\/p>\n\n\n\n<h4>Umsatzsteuer-ID<\/h4>\n\n\n\n<p class=\"has-small-font-size\">Umsatzsteuer-Identifikationsnummer gem\u00e4\u00df \u00a7 27 a Umsatzsteuergesetz: DE276262089<\/p>\n\n\n\n<h4><strong>Angaben zur Berufshaftpflichtversicherung<\/strong><\/h4>\n\n\n\n<p class=\"has-small-font-size\"><strong>Name und Sitz des Versicherers:<\/strong><br>Markel Insurance SE <br>Sophienstra\u00dfe 26 <br>80333 M\u00fcnchen<\/p>\n\n\n\n<p class=\"has-small-font-size\"><strong>Geltungsraum der Versicherung:<\/strong><br>weltweit<\/p>\n\n\n\n<h4><strong>EU-Streitschlichtung<\/strong><\/h4>\n\n\n\n<p class=\"has-small-font-size\">Die Europ\u00e4ische Kommission stellt eine Plattform zur Online-Streitbeilegung (OS) bereit:&nbsp;<a href=\"https:\/\/ec.europa.eu\/consumers\/odr\/\">https:\/\/ec.europa.eu\/consumers\/odr\/<\/a>.<br>Unsere E-Mail-Adresse finden Sie oben im Impressum.<\/p>\n\n\n\n<h4><strong>Verbraucherstreitbeilegung\/Universalschlichtungsstelle<\/strong><\/h4>\n\n\n\n<p class=\"has-small-font-size\">Wir sind nicht bereit oder verpflichtet, an Streitbeilegungsverfahren vor einer Verbraucherschlichtungsstelle teilzunehmen.<\/p>\n\n\n\n<p>Quelle: <a href=\"https:\/\/www.e-recht24.de\/impressum-generator.html\">https:\/\/www.e-recht24.de\/impressum-generator.html<\/a><\/p>\n","protected":false},"excerpt":{"rendered":"<p>Angaben gem\u00e4\u00df \u00a7 5 TMG Dr. Frank Furtw\u00e4ngler Zollernstr. 17 78462 Konstanz Kontakt Telefon: +49-7531-915981 Telefax: +49-7531-914156 E-Mail: msg@ffludens.net Umsatzsteuer-ID Umsatzsteuer-Identifikationsnummer gem\u00e4\u00df \u00a7 27 a Umsatzsteuergesetz: DE276262089 Angaben zur Berufshaftpflichtversicherung Name und Sitz des Versicherers:Markel Insurance SE Sophienstra\u00dfe 26 80333 M\u00fcnchen Geltungsraum der Versicherung:weltweit EU-Streitschlichtung Die Europ\u00e4ische Kommission stellt eine Plattform zur Online-Streitbeilegung (OS) bereit:&nbsp;https:\/\/ec.europa.eu\/consumers\/odr\/.Unsere [&hellip;]<\/p>\n","protected":false},"author":1,"featured_media":0,"parent":0,"menu_order":0,"comment_status":"closed","ping_status":"closed","template":"","meta":[],"_links":{"self":[{"href":"https:\/\/ffludens.net\/index.php?rest_route=\/wp\/v2\/pages\/38"}],"collection":[{"href":"https:\/\/ffludens.net\/index.php?rest_route=\/wp\/v2\/pages"}],"about":[{"href":"https:\/\/ffludens.net\/index.php?rest_route=\/wp\/v2\/types\/page"}],"author":[{"embeddable":true,"href":"https:\/\/ffludens.net\/index.php?rest_route=\/wp\/v2\/users\/1"}],"replies":[{"embeddable":true,"href":"https:\/\/ffludens.net\/index.php?rest_route=%2Fwp%2Fv2%2Fcomments&post=38"}],"version-history":[{"count":7,"href":"https:\/\/ffludens.net\/index.php?rest_route=\/wp\/v2\/pages\/38\/revisions"}],"predecessor-version":[{"id":152,"href":"https:\/\/ffludens.net\/index.php?rest_route=\/wp\/v2\/pages\/38\/revisions\/152"}],"wp:attachment":[{"href":"https:\/\/ffludens.net\/index.php?rest_route=%2Fwp%2Fv2%2Fmedia&parent=38"}],"curies":[{"name":"wp","href":"https:\/\/api.w.org\/{rel}","templated":true}]}}